{"id":770,"date":"2018-05-22T15:23:55","date_gmt":"2018-05-22T13:23:55","guid":{"rendered":"http:\/\/gpc-bautzen.de\/?page_id=770"},"modified":"2018-05-25T07:15:30","modified_gmt":"2018-05-25T05:15:30","slug":"waldgrundstueck-in-teichnitz","status":"publish","type":"page","link":"http:\/\/gpc-bautzen.de\/?page_id=770","title":{"rendered":"Park Rittergut Teichnitz"},"content":{"rendered":"<p>[vc_row][vc_column][vc_column_text]<\/p>\n<h2 style=\"text-align: center;\">Ehemalige Parkanlage des Ritterguts Teichnitz<\/h2>\n<p style=\"text-align: center;\"><strong>\u00a0<\/strong><\/p>\n<p>[\/vc_column_text][\/vc_column][\/vc_row][vc_row][vc_column][vc_column_text]Seit 2015 geh\u00f6rt der ehemalige Park des Rittergutes Teichnitz zum Besitz der GPC Capitain Bautzen.<\/p>\n<p>Ein kleiner geschichtlicher Abriss:<br \/>\nIm Jahre 1303 wurde der Herrensitz Teichnitz das erste Mal urkundlich erw\u00e4hnt.<\/p>\n<p>1463 erfolgte die Erhebung zum Rittersitz und 1607 die Erhebung zum Rittergut .<\/p>\n<p>Das Gutshaus wurde um 1730 durch die Freiherren von Gersdorff errichtet.<\/p>\n<p>Diese boten dort Glaubensfl\u00fcchtlingen von der Herrnhuter Br\u00fcdergemeinde im Zuge der Gegenreformation in B\u00f6hmen und M\u00e4hren Zuflucht. Diese gr\u00fcndeten sp\u00e4ter die Kolonie Kleinwelka.<\/p>\n<p>Um das Jahr 1770 wurde das Rittergut an die Familie von Hohenthal verkauft , die das Gutshaus sp\u00e4ter umbauten. Durch Heirat kam es 1815 an die Grafenfamilie zur Lippe-Biesterfeld-Wei\u00dfenfeld, die sp\u00e4ter den Prinzentitel erhielt und sich ab da zur Lippe-Wei\u00dfenfeld nannte.[\/vc_column_text][\/vc_column][\/vc_row][vc_row][vc_column width=&#8221;1\/4&#8243; offset=&#8221;vc_col-md-offset-0 vc_col-md-6 vc_col-xs-12&#8243;][vc_single_image image=&#8221;772&#8243; img_size=&#8221;full&#8221; alignment=&#8221;center&#8221; onclick=&#8221;link_image&#8221; css_animation=&#8221;fadeInUp&#8221;][\/vc_column][vc_column width=&#8221;1\/4&#8243; offset=&#8221;vc_col-md-6 vc_col-xs-12&#8243;][vc_single_image image=&#8221;771&#8243; img_size=&#8221;full&#8221; alignment=&#8221;center&#8221; onclick=&#8221;link_image&#8221; css_animation=&#8221;fadeInUp&#8221;][\/vc_column][vc_column width=&#8221;1\/4&#8243; offset=&#8221;vc_col-md-6 vc_col-xs-12&#8243;][vc_single_image image=&#8221;774&#8243; img_size=&#8221;full&#8221; alignment=&#8221;center&#8221; onclick=&#8221;link_image&#8221; css_animation=&#8221;fadeInUp&#8221;][vc_single_image image=&#8221;785&#8243; img_size=&#8221;full&#8221; alignment=&#8221;center&#8221; onclick=&#8221;link_image&#8221; css_animation=&#8221;fadeInUp&#8221;][vc_single_image image=&#8221;786&#8243; img_size=&#8221;full&#8221; alignment=&#8221;center&#8221; onclick=&#8221;link_image&#8221; css_animation=&#8221;fadeInUp&#8221;][vc_single_image image=&#8221;788&#8243; img_size=&#8221;full&#8221; alignment=&#8221;center&#8221; onclick=&#8221;link_image&#8221; css_animation=&#8221;fadeInUp&#8221;][\/vc_column][vc_column width=&#8221;1\/4&#8243; offset=&#8221;vc_col-md-6 vc_col-xs-12&#8243;][vc_single_image image=&#8221;773&#8243; img_size=&#8221;full&#8221; alignment=&#8221;center&#8221; onclick=&#8221;link_image&#8221; css_animation=&#8221;fadeInUp&#8221;][vc_single_image image=&#8221;787&#8243; img_size=&#8221;full&#8221; alignment=&#8221;center&#8221; onclick=&#8221;link_image&#8221; css_animation=&#8221;fadeInUp&#8221;][vc_single_image image=&#8221;791&#8243; img_size=&#8221;full&#8221; alignment=&#8221;center&#8221; onclick=&#8221;link_image&#8221; css_animation=&#8221;fadeInUp&#8221;][vc_single_image image=&#8221;789&#8243; img_size=&#8221;full&#8221; alignment=&#8221;center&#8221; onclick=&#8221;link_image&#8221; css_animation=&#8221;fadeInUp&#8221;][vc_single_image image=&#8221;790&#8243; img_size=&#8221;full&#8221; alignment=&#8221;center&#8221; onclick=&#8221;link_image&#8221; css_animation=&#8221;fadeInUp&#8221;][\/vc_column][\/vc_row][vc_row][vc_column][vc_column_text]Der zum Gutshaus geh\u00f6rende Park wurde urspr\u00fcnglich als Landschaftspark nach P\u00fccklerschen Vorbild mit seltenen Geh\u00f6lzen, Wasserl\u00e4ufen, Springbrunnen, k\u00fcnstlich errichteten Anh\u00f6hen und offenen Sichtachsen im Tal des Temritzer Wassers angelegt. Er beinhaltet derzeit unbefestigte Wege, vereinzelt Parkb\u00e4nke und verwachsene Brunnen. Der Baumbestand besteht aus zahlreichen 200j\u00e4hrigen Eichen, Eschen, Buchen, Winterlinden sowie Roterlen.<\/p>\n<p>Als Besonderheit stand in der N\u00e4he des Gutshauses eine sogenannte Apostellinde . Diese hatte insgesamt 12 Haupt\u00e4ste (deshalb Apostel), die vom Stamm abzweigten. Dies war und ist wohl in Deutschland recht selten. Die \u00dcberreste diese Baums sind heute noch zu sehen.<\/p>\n<p>Trotz des Protestes des Eigent\u00fcmers wurde der Park 1937\/1938 durch den Bau der Reichsautobahn in der Mitte durchtrennt und umfasst nun etwas mehr als 2,5 Hektar.<\/p>\n<p>1945 wurden die Eigent\u00fcmer im Zuge der Bodenreform enteignet. Danach diente das Haus als Wohnhaus und verfiel nach dem Auszug der letzten Bewohner stetig.<\/p>\n<p>Im Juli 2013 st\u00fcrzten nach starken Regenf\u00e4llen Teile des Nordfl\u00fcgels ein. Daraufhin erfolgte im September 2013 der Totalabriss des Geb\u00e4udes bis auf die Grundmauern.[\/vc_column_text][\/vc_column][\/vc_row]<\/p>\n","protected":false},"excerpt":{"rendered":"<p>[vc_row][vc_column][vc_column_text] Ehemalige Parkanlage des Ritterguts Teichnitz \u00a0 [\/vc_column_text][\/vc_column][\/vc_row][vc_row][vc_column][vc_column_text]Seit 2015 geh\u00f6rt der ehemalige Park des Rittergutes Teichnitz zum Besitz der GPC Capitain Bautzen. Ein kleiner geschichtlicher Abriss: Im Jahre 1303 wurde der Herrensitz Teichnitz das erste Mal urkundlich erw\u00e4hnt. 1463 erfolgte die Erhebung zum Rittersitz und 1607 die Erhebung zum Rittergut . Das Gutshaus wurde um [&hellip;]<\/p>\n","protected":false},"author":1,"featured_media":0,"parent":0,"menu_order":0,"comment_status":"closed","ping_status":"closed","template":"","meta":{"footnotes":""},"aioseo_notices":[],"_links":{"self":[{"href":"http:\/\/gpc-bautzen.de\/index.php?rest_route=\/wp\/v2\/pages\/770"}],"collection":[{"href":"http:\/\/gpc-bautzen.de\/index.php?rest_route=\/wp\/v2\/pages"}],"about":[{"href":"http:\/\/gpc-bautzen.de\/index.php?rest_route=\/wp\/v2\/types\/page"}],"author":[{"embeddable":true,"href":"http:\/\/gpc-bautzen.de\/index.php?rest_route=\/wp\/v2\/users\/1"}],"replies":[{"embeddable":true,"href":"http:\/\/gpc-bautzen.de\/index.php?rest_route=%2Fwp%2Fv2%2Fcomments&post=770"}],"version-history":[{"count":6,"href":"http:\/\/gpc-bautzen.de\/index.php?rest_route=\/wp\/v2\/pages\/770\/revisions"}],"predecessor-version":[{"id":792,"href":"http:\/\/gpc-bautzen.de\/index.php?rest_route=\/wp\/v2\/pages\/770\/revisions\/792"}],"wp:attachment":[{"href":"http:\/\/gpc-bautzen.de\/index.php?rest_route=%2Fwp%2Fv2%2Fmedia&parent=770"}],"curies":[{"name":"wp","href":"https:\/\/api.w.org\/{rel}","templated":true}]}}